{"id":272,"date":"2024-01-17T15:28:50","date_gmt":"2024-01-17T14:28:50","guid":{"rendered":"https:\/\/lenviedecrire77.fr\/?page_id=272"},"modified":"2024-09-21T17:43:27","modified_gmt":"2024-09-21T15:43:27","slug":"contact","status":"publish","type":"page","link":"https:\/\/lenviedecrire77.fr\/?page_id=272","title":{"rendered":"Contact"},"content":{"rendered":"<section id=\"sp-pw545vo99ar\" data-mobile-visibility=\"#sp-pw545vo99ar|false\" data-tablet-visibility=\"#sp-pw545vo99ar|false\" data-desktop-visibility=\"#sp-pw545vo99ar|false\" data-mobile-css=\"\" data-tablet-css=\"\" class=\"sp-el-section  spBgcover\" style=\"background-image: linear-gradient(0deg, rgba(67, 116, 142, 0.25), rgba(67, 116, 142, 0.25)), url('\/\/lenviedecrire77.fr\/wp-content\/uploads\/2024\/01\/blackboard-lying-stationery-scaled.jpg'); background-color: rgb(42, 54, 66); width: 100%; max-width: 100%;\">\n<div id=\"sp-gsteh1q2y5a\" data-mobile-visibility=\"#sp-gsteh1q2y5a|false\" data-tablet-visibility=\"#sp-gsteh1q2y5a|false\" data-desktop-visibility=\"#sp-gsteh1q2y5a|false\" data-mobile-css=\"\" data-tablet-css=\"\" class=\"sp-el-row sm:sp-flex sp-w-full  sp-m-auto sp-flex-row sp-justify-start\">\n<div id=\"sp-wtugz6zvxvz\" data-mobile-visibility=\"#sp-wtugz6zvxvz|false\" data-tablet-visibility=\"#sp-wtugz6zvxvz|false\" data-desktop-visibility=\"#sp-wtugz6zvxvz|false\" data-mobile-css=\"\" data-tablet-css=\"\" class=\"sp-el-col  sp-w-full sm:sp-flex sp-flex-col sp-justify-center\" style=\"width: calc(20% + 0px);\">\n<figure id=\"sp-cas8nr7c2t2a\" data-mobile-css=\"#sp-cas8nr7c2t2a|text-align:center;\" data-tablet-css=\"#sp-cas8nr7c2t2a|text-align:center;\" class=\"sp-image-wrapper sp-el-block\" style=\"margin: 0px; text-align: left;\">\n<div><span><a href=\"\/\" target=\"\" rel=\"noopener\" class=\"sp-inline-block\"><img loading=\"lazy\" decoding=\"async\" src=\"\/\/lenviedecrire77.fr\/wp-content\/uploads\/2024\/01\/Logo_Round.png\" alt=\"\" width=\"709\" height=\"709\" srcset=\" \/\/lenviedecrire77.fr\/wp-content\/uploads\/2024\/01\/Logo_Round-150x150.png 150w, \/\/lenviedecrire77.fr\/wp-content\/uploads\/2024\/01\/Logo_Round-300x300.png 300w, \/\/lenviedecrire77.fr\/wp-content\/uploads\/2024\/01\/Logo_Round.png 709w\" style=\"width: 100px;\"><\/a><\/span><\/div>\n<\/figure>\n<\/div>\n<div id=\"sp-rpv6kw8ajrch\" data-mobile-visibility=\"#sp-rpv6kw8ajrch|false\" data-tablet-visibility=\"#sp-rpv6kw8ajrch|false\" data-desktop-visibility=\"#sp-rpv6kw8ajrch|false\" data-mobile-css=\"\" data-tablet-css=\"\" class=\"sp-el-col  sp-w-full sm:sp-flex sp-flex-col sp-justify-center\" style=\"width: calc(60% + 0px);\">\n<div id=\"sp-hqe8fud4aqu\" data-mobile-css=\"#sp-hqe8fud4aqu .nav-menu .menu-item |text-align:center\" data-tablet-css=\"#sp-hqe8fud4aqu .nav-menu .menu-item |text-align:center\" data-mobile-visibility=\".sp-nav-menu-block-hqe8fud4aqu|false\" data-tablet-visibility=\".sp-nav-menu-block-hqe8fud4aqu|false\" data-desktop-visibility=\".sp-nav-menu-block-hqe8fud4aqu|false\" class=\"sp-nav sp-flex sp-el-block sp-justify-center sp-nav-menu-block-hqe8fud4aqu\" style=\"margin: 0px; color: rgb(255, 255, 255); font-family: 'DM Sans'; font-weight: 500; font-style: normal;\">\n<style type=\"text\/css\" data-mobile-css=\"\" data-tablet-css=\"\"><\/style>\n<style type=\"text\/css\" data-mobile-css=\"#sp-hqe8fud4aqu ul li a |text-align:center\" data-tablet-css=\"#sp-hqe8fud4aqu ul li a |text-align:center\"><\/style>\n<style type=\"text\/css\">     #sp-hqe8fud4aqu .seedprod-menu-horizontal .nav-menu .menu-item ,#sp-hqe8fud4aqu .seedprod-menu-horizontal .nav-menu .seedprod-menu-heading , #sp-hqe8fud4aqu .seedprod-menu-separator {padding:0px 20px}      #sp-hqe8fud4aqu .nav-menu ul.sub-menu {box-shadow:0 25px 50px -12px rgba(0, 0, 0, 0.25)}      #sp-hqe8fud4aqu ul li a {font-family:DM Sans;font-weight:500;font-style:normal}      #sp-hqe8fud4aqu .seedprod-menu-horizontal .nav-menu .separator.menu-item { padding:0px; }      #sp-hqe8fud4aqu .custom-restricted-width .menu-item{padding:20px 0px}      #sp-hqe8fud4aqu .seedprod-menu-list li a {color:#FFFFFF;text-align:center}     #sp-hqe8fud4aqu .seedprod-menu-list li{color:#FFFFFF;text-align:center}      #sp-hqe8fud4aqu .seedprod-menu-list li a:hover {color:#B5CFEA !important;text-align:center}      #sp-hqe8fud4aqu .sp-nav-wrapper li a:hover {color:#B5CFEA !important;text-align:center}      #sp-hqe8fud4aqu .sub-menu {border-radius:6px;padding:4px 4px 4px 4px }      #sp-hqe8fud4aqu .sub-menu a {color:#FFFFFF}      #sp-hqe8fud4aqu ul.seedprod-menu-list ul.sub-menu li a:hover{color:#B5CFEA}      #sp-hqe8fud4aqu .bar{background-color:#FFFFFF;}   <\/style>\n<div class=\"sp-nested-nav-wrapper h sp-nav-classmenu-1\">\n<div class=\"seedprod-menu seedprod-menu-builder seedprod-menu-horizontal sp-mobile-menu-true\">\n<div class=\"\">\n<nav class=\"nav-bar\">\n<div class=\"hamburger\"><span class=\"bar\"><\/span><span class=\"bar\"><\/span><span class=\"bar\"><\/span><\/div>\n<div class=\"nav-menu\">\n<div>               <div class=\"nav-menu-bar\"><ul id=\"menu-menu-1\" class=\"seedprod-menu-list\"><li id=\"menu-item-295\" class=\"menu-item menu-item-type-post_type menu-item-object-page menu-item-295\"><a href=\"https:\/\/lenviedecrire77.fr\/?page_id=279\">Qui suis-je ?<\/a><\/li>\n<li id=\"menu-item-294\" class=\"menu-item menu-item-type-post_type menu-item-object-page menu-item-294\"><a href=\"https:\/\/lenviedecrire77.fr\/?page_id=262\">La dysgraphie<\/a><\/li>\n<li id=\"menu-item-296\" class=\"menu-item menu-item-type-post_type menu-item-object-page menu-item-296\"><a href=\"https:\/\/lenviedecrire77.fr\/?page_id=169\">S\u00e9ances &#038; tarifs<\/a><\/li>\n<li id=\"menu-item-308\" class=\"menu-item menu-item-type-post_type menu-item-object-page menu-item-308\"><a href=\"https:\/\/lenviedecrire77.fr\/?page_id=272\">Contact<\/a><\/li>\n<\/ul><\/div>             <\/div>\n<div><script> jQuery(document).ready(function(){   initDropdowns(); }); <\/script><\/div>\n<\/div>\n<\/nav>\n<\/div>\n<\/div>\n<\/div>\n<\/div>\n<\/div>\n<\/div>\n<div id=\"sp-ng14zwiw6z\" data-mobile-visibility=\"#sp-ng14zwiw6z|false\" data-tablet-visibility=\"#sp-ng14zwiw6z|false\" data-desktop-visibility=\"#sp-ng14zwiw6z|false\" data-mobile-css=\"\" data-tablet-css=\"\" class=\"sp-el-row sm:sp-flex sp-w-full  sp-m-auto sp-justify-between\" style=\"margin-top: 30px; margin-bottom: 60px;\">\n<div id=\"sp-b4a66rtzqont\" data-mobile-visibility=\"#sp-b4a66rtzqont|false\" data-tablet-visibility=\"#sp-b4a66rtzqont|false\" data-desktop-visibility=\"#sp-b4a66rtzqont|false\" data-mobile-css=\"\" data-tablet-css=\"\" class=\"sp-el-col  sp-w-full\" style=\"width: calc(100% + 0px);\">\n<h1 id=\"sp-xoez47vf8m\" data-mobile-css=\".sp-headline-block-xoez47vf8m, #sp-xoez47vf8m, #xoez47vf8m|font-size:38px;text-align:center;\" data-tablet-css=\".sp-headline-block-xoez47vf8m, #sp-xoez47vf8m, #xoez47vf8m|text-align:center;\" data-mobile-visibility=\".sp-headline-block-xoez47vf8m|false\" data-tablet-visibility=\".sp-headline-block-xoez47vf8m|false\" data-desktop-visibility=\".sp-headline-block-xoez47vf8m|false\" class=\"sp-css-target sp-el-block sp-headline-block-xoez47vf8m sp-type-header\" style=\"font-size: 63px; color: rgb(255, 255, 255); text-align: center; padding: 53px; margin: 0px;\">Contactez-moi<\/h1>\n<\/div>\n<\/div>\n<div id=\"sp-lyozrm2sv9p9\" data-mobile-visibility=\"#sp-lyozrm2sv9p9|false\" data-tablet-visibility=\"#sp-lyozrm2sv9p9|false\" data-desktop-visibility=\"#sp-lyozrm2sv9p9|false\" data-mobile-css=\"#sp-lyozrm2sv9p9|margin:50px 0px 50px 0px ;\" data-tablet-css=\"#sp-lyozrm2sv9p9|padding:46px 46px 46px 46px ;\" class=\"sp-el-row sm:sp-flex sp-w-full  sp-m-auto sp-justify-between\" style=\"position: relative; padding: 82px; background-image: linear-gradient(319deg, rgba(108, 153, 193, 0.28) 21%, rgb(255, 245, 249) 84%); background-color: rgb(246, 246, 246); margin-top: 42px; margin-bottom: 117px; border-radius: 50px;\">\n<div id=\"sp-iqqikfh7ryhi\" data-mobile-visibility=\"#sp-iqqikfh7ryhi|false\" data-tablet-visibility=\"#sp-iqqikfh7ryhi|false\" data-desktop-visibility=\"#sp-iqqikfh7ryhi|false\" data-mobile-css=\"#sp-iqqikfh7ryhi|margin:0px 0px 20px 0px ;\" data-tablet-css=\"\" class=\"sp-el-col  sp-w-full sm:sp-flex sp-flex-col sp-justify-center\" style=\"width: calc(50% - 20px);\">\n<div id=\"sp-scqd5m8otnz\" data-mobile-css=\".sp-text-wrapper-scqd5m8otnz, #sp-scqd5m8otnz, #scqd5m8otnz|text-align:center;margin:33px 0px 0px 0px ;\" data-tablet-css=\".sp-text-wrapper-scqd5m8otnz, #sp-scqd5m8otnz, #scqd5m8otnz|text-align:left;\" data-mobile-visibility=\".sp-text-wrapper-scqd5m8otnz|false\" data-tablet-visibility=\".sp-text-wrapper-scqd5m8otnz|false\" data-desktop-visibility=\".sp-text-wrapper-scqd5m8otnz|false\" class=\"sp-css-target sp-text-wrapper sp-el-block sp-text-wrapper-scqd5m8otnz\" style=\"font-size: 20px; padding: 0px 10px; margin: 0px 30px 0px 0px; text-align: left;\">\n<p>Des questions ?&nbsp;<\/p>\n<\/div>\n<div id=\"sp-gtd39n79al9p\" data-mobile-css=\".sp-text-wrapper-gtd39n79al9p, #sp-gtd39n79al9p, #gtd39n79al9p|font-size:18px;text-align:center;\" data-tablet-css=\".sp-text-wrapper-gtd39n79al9p, #sp-gtd39n79al9p, #gtd39n79al9p|font-size:18px;text-align:left;\" data-mobile-visibility=\".sp-text-wrapper-gtd39n79al9p|false\" data-tablet-visibility=\".sp-text-wrapper-gtd39n79al9p|false\" data-desktop-visibility=\".sp-text-wrapper-gtd39n79al9p|false\" class=\"sp-css-target sp-text-wrapper sp-el-block sp-text-wrapper-gtd39n79al9p\" style=\"font-size: 25px; color: rgb(42, 54, 66); padding: 0px 10px; margin: 0px 0px 20px; text-align: left;\">\n<p>lenviedecrire77@gmail.com<\/p>\n<\/div>\n<div id=\"sp-button-parent-kapbcd\" data-mobile-css=\"#sp-button-parent-kapbcd|text-align:center;\" data-tablet-css=\"#sp-button-parent-kapbcd|text-align:center;\" class=\"sp-button-wrapper sp-el-block\" style=\"margin: 0px; text-align: left;\"><a href=\"mailto:lenviedecrire77@gmail.com\" id=\"sp-kapbcd\" data-mobile-css=\"\" data-tablet-css=\"\" data-mobile-visibility=\".sp-button-kapbcd|false\" data-tablet-visibility=\".sp-button-kapbcd|false\" data-desktop-visibility=\".sp-button-kapbcd|false\" target=\"\" rel=\"noopener\" class=\"sp-button sp-css-target sp-text-center sp-inline-block sp-leading-none sp-button-kapbcd\" style=\"font-size: 18px; background: rgb(78, 114, 132); color: rgb(255, 255, 255); width: auto; padding: 12px 16px; border-radius: 100px;\"><span>\u00c9crivez moi<\/span><\/a><\/div>\n<div id=\"sp-ukvb7c\" data-mobile-css=\"#sp-ukvb7c|height:40px;\" data-tablet-css=\"#sp-ukvb7c|height:10px;\" class=\"sp-spacer\" style=\"height: 60px;\"><\/div>\n<div id=\"sp-wjgz30ubomdq\" data-mobile-css=\".sp-text-wrapper-wjgz30ubomdq, #sp-wjgz30ubomdq, #wjgz30ubomdq|text-align:center;\" data-tablet-css=\".sp-text-wrapper-wjgz30ubomdq, #sp-wjgz30ubomdq, #wjgz30ubomdq|text-align:left;\" data-mobile-visibility=\".sp-text-wrapper-wjgz30ubomdq|false\" data-tablet-visibility=\".sp-text-wrapper-wjgz30ubomdq|false\" data-desktop-visibility=\".sp-text-wrapper-wjgz30ubomdq|false\" class=\"sp-css-target sp-text-wrapper sp-el-block sp-text-wrapper-wjgz30ubomdq\" style=\"font-size: 20px; padding: 0px 10px; margin: 0px; text-align: left;\">\n<p>Consultations&nbsp;<\/p>\n<\/div>\n<div id=\"ltaq6bvvpckb\" data-mobile-css=\".sp-text-wrapper-ltaq6bvvpckb, #sp-ltaq6bvvpckb, #ltaq6bvvpckb|font-size:15px;text-align:center;\" data-tablet-css=\".sp-text-wrapper-ltaq6bvvpckb, #sp-ltaq6bvvpckb, #ltaq6bvvpckb|font-size:15px;text-align:left;\" data-mobile-visibility=\".sp-text-wrapper-ltaq6bvvpckb|false\" data-tablet-visibility=\".sp-text-wrapper-ltaq6bvvpckb|false\" data-desktop-visibility=\".sp-text-wrapper-ltaq6bvvpckb|false\" class=\"sp-css-target sp-text-wrapper sp-el-block sp-text-wrapper-ltaq6bvvpckb mce-content-body html4-captions\"   style=\"font-size: 25px; color: rgb(42, 54, 66); padding: 0px 10px; margin: 0px 0px 20px; text-align: left; position: relative;\">\n<p>du lundi au samedi de 9h \u00e0 19h<\/p>\n<\/div>\n<div id=\"sp-z6map6ji6rn5\" data-mobile-css=\".sp-text-wrapper-z6map6ji6rn5, #sp-z6map6ji6rn5, #z6map6ji6rn5|text-align:center;\" data-tablet-css=\".sp-text-wrapper-z6map6ji6rn5, #sp-z6map6ji6rn5, #z6map6ji6rn5|text-align:left;\" data-mobile-visibility=\".sp-text-wrapper-z6map6ji6rn5|false\" data-tablet-visibility=\".sp-text-wrapper-z6map6ji6rn5|false\" data-desktop-visibility=\".sp-text-wrapper-z6map6ji6rn5|false\" class=\"sp-css-target sp-text-wrapper sp-el-block sp-text-wrapper-z6map6ji6rn5\" style=\"font-size: 20px; padding: 0px 10px; margin: 0px; text-align: left;\">\n<p>T\u00e9l\u00e9phone<\/p>\n<\/div>\n<div id=\"sp-c6egoe4ej9h9\" data-mobile-css=\".sp-text-wrapper-c6egoe4ej9h9, #sp-c6egoe4ej9h9, #c6egoe4ej9h9|font-size:17px;text-align:center;\" data-tablet-css=\".sp-text-wrapper-c6egoe4ej9h9, #sp-c6egoe4ej9h9, #c6egoe4ej9h9|text-align:left;\" data-mobile-visibility=\".sp-text-wrapper-c6egoe4ej9h9|false\" data-tablet-visibility=\".sp-text-wrapper-c6egoe4ej9h9|false\" data-desktop-visibility=\".sp-text-wrapper-c6egoe4ej9h9|false\" class=\"sp-css-target sp-text-wrapper sp-el-block sp-text-wrapper-c6egoe4ej9h9\" style=\"font-size: 25px; color: rgb(42, 54, 66); padding: 0px 10px; margin: 0px; text-align: left;\">\n<p>07 45 09 85 86<\/p>\n<\/div>\n<\/div>\n<div id=\"sp-tyqkshusube\" data-mobile-visibility=\"#sp-tyqkshusube|false\" data-tablet-visibility=\"#sp-tyqkshusube|false\" data-desktop-visibility=\"#sp-tyqkshusube|false\" data-mobile-css=\"\" data-tablet-css=\"\" class=\"sp-el-col  sp-w-full\" style=\"width: calc(50% - 20px);\">\n<div id=\"sp-eoj1u5o4hxpc\" data-mobile-visibility=\".sp-google-maps-block-eoj1u5o4hxpc|false\" data-tablet-visibility=\".sp-google-maps-block-eoj1u5o4hxpc|false\" data-desktop-visibility=\".sp-google-maps-block-eoj1u5o4hxpc|false\" data-mobile-css=\"\" data-tablet-css=\"\" class=\"sp-map-control sp-flex sp-el-block sp-google-maps-block-eoj1u5o4hxpc\" style=\"padding: 0px; justify-content: center; margin: 0px;\">\n<style type=\"text\/css\">     #sp-eoj1u5o4hxpc .sp-map-responsive{padding-bottom:0px;overflow:unset;}   <\/style>\n<div class=\"sp-map-wrapper\" style=\"max-height: 100%; height: 400px; width: 100%; max-width: 100%;\">\n<div class=\"sp-map-responsive\"><iframe width=\"100%\" frameborder=\"0\" scrolling=\"no\" src=\"https:\/\/maps.google.com\/maps?q=66%20rue%20de%20l'Ourcq,%2077410%20Fresnes%20sur%20marne&amp;t=m&amp;z=10&amp;output=embed&amp;iwloc=near\" allowfullscreen=\"allowfullscreen\" style=\"height: 400px;\"><\/iframe><\/div>\n<\/div>\n<\/div>\n<\/div>\n<\/div>\n<\/section>\n<section id=\"sp-ia1ow31y65hu\" data-mobile-visibility=\"#sp-ia1ow31y65hu|false\" data-tablet-visibility=\"#sp-ia1ow31y65hu|false\" data-desktop-visibility=\"#sp-ia1ow31y65hu|false\" data-mobile-css=\"\" data-tablet-css=\"\" class=\"sp-el-section  spBgcover\" style=\"width: 100%; max-width: 100%; padding: 10px;\">\n<div id=\"sp-jgy3g3xw2f84\" data-mobile-visibility=\"#sp-jgy3g3xw2f84|false\" data-tablet-visibility=\"#sp-jgy3g3xw2f84|false\" data-desktop-visibility=\"#sp-jgy3g3xw2f84|false\" data-mobile-css=\"\" data-tablet-css=\"\" class=\"sp-el-row sm:sp-flex sp-w-full  sp-m-auto sp-justify-between\" style=\"padding: 0px; width: auto; max-width: 1000px;\">\n<div id=\"sp-iwb8madex27k\" data-mobile-visibility=\"#sp-iwb8madex27k|false\" data-tablet-visibility=\"#sp-iwb8madex27k|false\" data-desktop-visibility=\"#sp-iwb8madex27k|false\" data-mobile-css=\"\" data-tablet-css=\"\" class=\"sp-el-col  sp-w-full\" style=\"width: calc(100% + 0px);\">\n<style type=\"text\/css\">       #sp-iwb8madex27k .sp-col-top .seedprod-shape-fill {fill: undefined;} #sp-iwb8madex27k .sp-col-top svg {width: undefined%;height: undefinedpx;transform: translateX(-50%);} #sp-iwb8madex27k .sp-col-bottom .seedprod-shape-fill {fill: undefined;} #sp-iwb8madex27k .sp-col-bottom svg {width: undefined%;height: undefinedpx;transform: translateX(-50%);}     <\/style>\n<div class=\"sp-col-shape sp-col-top\" style=\"z-index: 0;\">\n<div><\/div>\n<\/div>\n<div class=\"sp-col-shape sp-col-bottom\" style=\"z-index: 0;\">\n<div><\/div>\n<\/div>\n<figure id=\"sp-pfe2yj7u8pm6\" data-mobile-css=\"#sp-pfe2yj7u8pm6|text-align:center;\" data-tablet-css=\"#sp-pfe2yj7u8pm6|text-align:center;\" class=\"sp-image-wrapper sp-el-block\" style=\"margin: 4px 0px 0px; text-align: center;\">\n<div><span><img loading=\"lazy\" decoding=\"async\" src=\"\/\/lenviedecrire77.fr\/wp-content\/uploads\/2024\/01\/Logo_Round.png\" alt=\"\" width=\"709\" height=\"709\" data-mobile-visibility=\".sp-image-block-pfe2yj7u8pm6|false\" data-tablet-visibility=\".sp-image-block-pfe2yj7u8pm6|false\" data-desktop-visibility=\".sp-image-block-pfe2yj7u8pm6|false\" srcset=\" \/\/lenviedecrire77.fr\/wp-content\/uploads\/2024\/01\/Logo_Round-150x150.png 150w, \/\/lenviedecrire77.fr\/wp-content\/uploads\/2024\/01\/Logo_Round-300x300.png 300w, \/\/lenviedecrire77.fr\/wp-content\/uploads\/2024\/01\/Logo_Round.png 709w\" class=\"sp-image-block-pfe2yj7u8pm6\" style=\"width: 130px;\"><\/span><\/div>\n<\/figure>\n<div id=\"sp-sxx92neiimj\" data-mobile-css=\".sp-text-wrapper-sxx92neiimj, #sp-sxx92neiimj, #sxx92neiimj|text-align:center;\" data-tablet-css=\".sp-text-wrapper-sxx92neiimj, #sp-sxx92neiimj, #sxx92neiimj|text-align:center;\" data-mobile-visibility=\".sp-text-wrapper-sxx92neiimj|false\" data-tablet-visibility=\".sp-text-wrapper-sxx92neiimj|false\" data-desktop-visibility=\".sp-text-wrapper-sxx92neiimj|false\" class=\"sp-css-target sp-text-wrapper sp-el-block sp-text-block-style sp-text-wrapper-sxx92neiimj\" style=\"font-size: 14px; margin: 0px; text-align: center;\">\n<p>Graphoth\u00e9rapeute &#8211; Fresnes sur Marne<\/p>\n<\/div>\n<div id=\"sp-xeqby5627wdw\" data-mobile-css=\"\" data-tablet-css=\"\" data-mobile-visibility=\".sp-socialprofiles-block-xeqby5627wdw|false\" data-tablet-visibility=\".sp-socialprofiles-block-xeqby5627wdw|false\" data-desktop-visibility=\".sp-socialprofiles-block-xeqby5627wdw|false\" class=\"sp-socialprofiles-wrapper sp-flex sp-el-block sp-socialprofiles-style-1 sp-socialprofiles-block-xeqby5627wdw\" style=\"text-align: center; justify-content: center; margin-top: 0px;\"><a href=\"https:\/\/www.facebook.com\/charlene.chommaud\/\" target=\"_blank\" class=\"sp-sp sp-whitespace-no-wrap sp-sp-cc-facebook sp-sp-md\" style=\"width: auto; height: auto; border-radius: 0px; color: rgb(255, 255, 255); background-color: transparent;\" rel=\"noopener\"><i class=\"fa-fw fa-facebook fab\" style=\"font-size: 24px; color: rgb(78, 114, 132);\"><\/i><\/a><\/div>\n<\/div>\n<\/div>\n<\/section>\n","protected":false},"excerpt":{"rendered":"<p>Contactez-moi Des questions ?&nbsp; lenviedecrire77@gmail.com \u00c9crivez moi Consultations&nbsp; du lundi au samedi de 9h \u00e0 19h T\u00e9l\u00e9phone 07 45 09 85 86 Graphoth\u00e9rapeute &#8211; Fresnes sur Marne<\/p>\n","protected":false},"author":1,"featured_media":0,"parent":0,"menu_order":0,"comment_status":"closed","ping_status":"closed","template":"","meta":{"footnotes":""},"class_list":["post-272","page","type-page","status-publish","hentry"],"_links":{"self":[{"href":"https:\/\/lenviedecrire77.fr\/index.php?rest_route=\/wp\/v2\/pages\/272","targetHints":{"allow":["GET"]}}],"collection":[{"href":"https:\/\/lenviedecrire77.fr\/index.php?rest_route=\/wp\/v2\/pages"}],"about":[{"href":"https:\/\/lenviedecrire77.fr\/index.php?rest_route=\/wp\/v2\/types\/page"}],"author":[{"embeddable":true,"href":"https:\/\/lenviedecrire77.fr\/index.php?rest_route=\/wp\/v2\/users\/1"}],"replies":[{"embeddable":true,"href":"https:\/\/lenviedecrire77.fr\/index.php?rest_route=%2Fwp%2Fv2%2Fcomments&post=272"}],"version-history":[{"count":14,"href":"https:\/\/lenviedecrire77.fr\/index.php?rest_route=\/wp\/v2\/pages\/272\/revisions"}],"predecessor-version":[{"id":402,"href":"https:\/\/lenviedecrire77.fr\/index.php?rest_route=\/wp\/v2\/pages\/272\/revisions\/402"}],"wp:attachment":[{"href":"https:\/\/lenviedecrire77.fr\/index.php?rest_route=%2Fwp%2Fv2%2Fmedia&parent=272"}],"curies":[{"name":"wp","href":"https:\/\/api.w.org\/{rel}","templated":true}]}}